{"id":643,"date":"2019-05-07T09:55:48","date_gmt":"2019-05-07T12:55:48","guid":{"rendered":"http:\/\/a.ourhtmldemo.com\/intenax\/?page_id=643"},"modified":"2023-11-06T10:22:15","modified_gmt":"2023-11-06T13:22:15","slug":"architecture","status":"publish","type":"page","link":"https:\/\/containerfull.cl\/?page_id=643","title":{"rendered":"Servicio de Transporte Asociado"},"content":{"rendered":"<p><section class=\"kc-elm kc-css-958948 kc_row\"><div class=\"kc-row-container  kc-container\"><div class=\"kc-wrap-columns\"><div class=\"kc-elm kc-css-364869 kc_col-sm-12 kc_column kc_col-sm-12\"><div class=\"kc-col-container\"><!-- About Section Three -->\r\n<section class=\"about-section-three\">\r\n    <div class=\"auto-container\">\r\n        <div class=\"row clearfix\">\r\n            <!-- Image Column -->\r\n            <div class=\"image-column col-lg-4 col-md-12 col-sm-12\">\r\n                <div class=\"inner-column wow fadeInLeft\" data-wow-delay=\"0ms\" data-wow-duration=\"1500ms\">\r\n                    <div class=\"image\">\r\n                        <img decoding=\"async\" src=\"https:\/\/containerfull.cl\/wp-content\/uploads\/2023\/10\/servicio-box.png\" alt=\"Awesome Image\" \/>\r\n                    <\/div>\r\n                <\/div>\r\n            <\/div>\r\n            <!-- Content Column -->\r\n            <div class=\"content-column col-lg-8 col-md-12 col-sm-12\">\r\n                <div class=\"inner-column\">\r\n                    <!-- Sec Title -->\r\n                    <div class=\"sec-title\">\r\n                        <div class=\"inner-title\">\r\n                            <div class=\"title\">Especialistas en Transporte<\/div>\r\n                            <h2>Servicio completo para <br> todas tus necesidades<\/h2>\r\n                        <\/div>\r\n                    <\/div>\r\n                    <div class=\"text\">El servicio de traslado es una clave en el \u00e9xito de las operaciones de log\u00edstica que est\u00e9 completamente controlado para una eficiente entrega. Este servicio debe contar con todos los est\u00e1ndares de seguridad para optimizar la cadena de suministros y reducir tiempos de espera para los clientes.\r\n<br> <br>\r\nEs importante considerar que cada Proyecto container es distinto a otro en estructura y dise\u00f1os, por lo cual es de vital importancia tener un servicio asociado que cumpla con todas las normas y est\u00e1ndares esperados.<\/div>\r\n                    <ul class=\"list-style-one\">\r\n                        \t\t\t\t\t\t<li><\/li>\r\n\t\t\t\t\t\t                    <\/ul>\r\n                <\/div>\r\n            <\/div>\r\n        <\/div>\r\n    <\/div>\r\n<\/section>\r\n<!-- End About Section Three -->\r\n<\/div><\/div><\/div><\/div><\/section><section class=\"kc-elm kc-css-558200 kc_row\"><div class=\"kc-row-container\"><div class=\"kc-wrap-columns\"><div class=\"kc-elm kc-css-658806 kc_col-sm-12 kc_column kc_col-sm-12\"><div class=\"kc-col-container\"><div class=\"kc-image-gallery kc-elm kc-css-154258 kc-animated kc-animate-eff-fadeIn\">\n<div class=\"kc_image_gallery kc-carousel-image kc-grid \" data-image_masonry=\"yes\">\n<div class=\"item-grid grid-4\"><img decoding=\"async\" src=\"https:\/\/containerfull.cl\/wp-content\/uploads\/2023\/10\/08.png\" alt=\"\"\/><\/div><div class=\"item-grid grid-4\"><img decoding=\"async\" src=\"https:\/\/containerfull.cl\/wp-content\/uploads\/2023\/10\/07.png\" alt=\"\"\/><\/div><div class=\"item-grid grid-4\"><img decoding=\"async\" src=\"https:\/\/containerfull.cl\/wp-content\/uploads\/2023\/10\/06.png\" alt=\"\"\/><\/div><div class=\"item-grid grid-4\"><img decoding=\"async\" src=\"https:\/\/containerfull.cl\/wp-content\/uploads\/2023\/10\/05.png\" alt=\"\"\/><\/div><div class=\"item-grid grid-4\"><img decoding=\"async\" src=\"https:\/\/containerfull.cl\/wp-content\/uploads\/2023\/10\/04.png\" alt=\"\"\/><\/div><div class=\"item-grid grid-4\"><img decoding=\"async\" src=\"https:\/\/containerfull.cl\/wp-content\/uploads\/2023\/10\/03.png\" alt=\"\"\/><\/div><div class=\"item-grid grid-4\"><img decoding=\"async\" src=\"https:\/\/containerfull.cl\/wp-content\/uploads\/2023\/10\/02.png\" alt=\"\"\/><\/div><div class=\"item-grid grid-4\"><img decoding=\"async\" src=\"https:\/\/containerfull.cl\/wp-content\/uploads\/2023\/10\/01.png\" alt=\"\"\/><\/div><\/div>\n<\/div><\/div><\/div><\/div><\/div><\/section><section class=\"kc-elm kc-css-851594 kc_row\"><div class=\"kc-row-container\"><div class=\"kc-wrap-columns\"><div class=\"kc-elm kc-css-708281 kc_col-sm-12 kc_column kc_col-sm-12\"><div class=\"kc-col-container\"><!-- Services Section Five -->\n<section class=\"services-section-five style-two\">\n    <div class=\"pattern-layer\" style=\"background-image:url()\"><\/div>\n    <div class=\"auto-container\">\n        <div class=\"row clearfix\">\n                        <!-- Services Block Three -->\n            <div class=\"services-block-three style-two col-lg-4 col-md-6 col-sm-12\">\n                <div class=\"inner-box wow fadeInLeft\" data-wow-delay=\"0ms\" data-wow-duration=\"1500ms\">\n                    <div class=\"icon-box\">\n                        <span class=\"icon flaticon-sketch\"><\/span>\n                    <\/div>\n                    <h3><a href=\"#\">Concepto Servicio 01<\/a><\/h3>\n                    <div class=\"text\">Convenire gubergren vix. Habeo facetpri put ent maluisset intellegam vixt vim prompta facil isi interesset. An denique praesent<\/div>\n                <\/div>\n            <\/div>\n                        <!-- Services Block Three -->\n            <div class=\"services-block-three style-two col-lg-4 col-md-6 col-sm-12\">\n                <div class=\"inner-box wow fadeInLeft\" data-wow-delay=\"0ms\" data-wow-duration=\"1500ms\">\n                    <div class=\"icon-box\">\n                        <span class=\"icon flaticon-blueprint-2\"><\/span>\n                    <\/div>\n                    <h3><a href=\"#\">Concepto Servicio 02<\/a><\/h3>\n                    <div class=\"text\">Convenire gubergren vix. Habeo facetpri put ent maluisset intellegam vixt vim prompta facil isi interesset. An denique praesent<\/div>\n                <\/div>\n            <\/div>\n                        <!-- Services Block Three -->\n            <div class=\"services-block-three style-two col-lg-4 col-md-6 col-sm-12\">\n                <div class=\"inner-box wow fadeInLeft\" data-wow-delay=\"0ms\" data-wow-duration=\"1500ms\">\n                    <div class=\"icon-box\">\n                        <span class=\"icon flaticon-sketch-4\"><\/span>\n                    <\/div>\n                    <h3><a href=\"#\">Concepto Servicio 03<\/a><\/h3>\n                    <div class=\"text\">Convenire gubergren vix. Habeo facetpri put ent maluisset intellegam vixt vim prompta facil isi interesset. An denique praesent<\/div>\n                <\/div>\n            <\/div>\n                    <\/div>\n    <\/div>\n<\/section>\n<!-- End Services Section Five -->\n<\/div><\/div><\/div><\/div><\/section><section class=\"kc-elm kc-css-178686 kc_row\"><div class=\"kc-row-container\"><div class=\"kc-wrap-columns\"><div class=\"kc-elm kc-css-374653 kc_col-sm-12 kc_column kc_col-sm-12\"><div class=\"kc-col-container\"><!-- Call To Action Section Section -->\r\n<section class=\"call-to-action-section style-two\" style=\"background-image:url(https:\/\/containerfull.cl\/wp-content\/uploads\/2023\/10\/back-interior-proyectos.png)\">\r\n    <div class=\"auto-container\">\r\n        <h2>P\u00f3ngase en contacto con nosotros <br>\r\nReserve una reuni\u00f3n gratuita con especialistas<\/h2>\r\n        <ul>\r\n        \t            <li>Call us: <a href=\"tel:+56930202951\">+569 3020 2951<\/a><\/li>\r\n            <li>Email us: <a href=\"mailto:http:\/\/hola@containerfull.cl\">hola@containerfull.cl<\/a><\/li>\r\n        <\/ul>\r\n        <a href=\"https:\/\/containerfull.cl\/?page_id=595\" class=\"theme-btn btn-style-one\">Cont\u00e1ctanos<\/a>\r\n    <\/div>\r\n<\/section>\r\n<!-- End Call To Action Section Section -->\r\n<\/div><\/div><\/div><\/div><\/section><\/p>\n","protected":false},"excerpt":{"rendered":"","protected":false},"author":1,"featured_media":0,"parent":429,"menu_order":0,"comment_status":"closed","ping_status":"closed","template":"tpl-king_composer.php","meta":{"_joinchat":[],"footnotes":""},"class_list":["post-643","page","type-page","status-publish","hentry"],"_links":{"self":[{"href":"https:\/\/containerfull.cl\/index.php?rest_route=\/wp\/v2\/pages\/643","targetHints":{"allow":["GET"]}}],"collection":[{"href":"https:\/\/containerfull.cl\/index.php?rest_route=\/wp\/v2\/pages"}],"about":[{"href":"https:\/\/containerfull.cl\/index.php?rest_route=\/wp\/v2\/types\/page"}],"author":[{"embeddable":true,"href":"https:\/\/containerfull.cl\/index.php?rest_route=\/wp\/v2\/users\/1"}],"replies":[{"embeddable":true,"href":"https:\/\/containerfull.cl\/index.php?rest_route=%2Fwp%2Fv2%2Fcomments&post=643"}],"version-history":[{"count":30,"href":"https:\/\/containerfull.cl\/index.php?rest_route=\/wp\/v2\/pages\/643\/revisions"}],"predecessor-version":[{"id":1286,"href":"https:\/\/containerfull.cl\/index.php?rest_route=\/wp\/v2\/pages\/643\/revisions\/1286"}],"up":[{"embeddable":true,"href":"https:\/\/containerfull.cl\/index.php?rest_route=\/wp\/v2\/pages\/429"}],"wp:attachment":[{"href":"https:\/\/containerfull.cl\/index.php?rest_route=%2Fwp%2Fv2%2Fmedia&parent=643"}],"curies":[{"name":"wp","href":"https:\/\/api.w.org\/{rel}","templated":true}]}}