{"id":429,"date":"2019-05-03T08:22:56","date_gmt":"2019-05-03T11:22:56","guid":{"rendered":"http:\/\/a.ourhtmldemo.com\/intenax\/?page_id=429"},"modified":"2023-11-06T10:13:33","modified_gmt":"2023-11-06T13:13:33","slug":"services-type-01","status":"publish","type":"page","link":"https:\/\/containerfull.cl\/?page_id=429","title":{"rendered":"Servicios"},"content":{"rendered":"<p><section class=\"kc-elm kc-css-586047 kc_row\"><div class=\"kc-row-container\"><div class=\"kc-wrap-columns\"><div class=\"kc-elm kc-css-476388 kc_col-sm-12 kc_column kc_col-sm-12\"><div class=\"kc-col-container\">\r\n\r\n<!-- Services Section -->\r\n<section class=\"services-section\">\r\n\t<div class=\"pattern-layer paroller\" data-paroller-factor=\"0.10\" data-paroller-factor-lg=\"0.10\" data-paroller-factor-md=\"0.10\" data-paroller-factor-sm=\"0.10\" data-paroller-type=\"foreground\" data-paroller-direction=\"horizontal\" style=\"background-image:url()\"><\/div>\r\n\t<div class=\"auto-container\">\r\n\t\t<div class=\"row clearfix\">\r\n\t\t\t\t\t\t<!-- Services Block Three -->\r\n\t\t\t<div class=\"services-block-three col-lg-4 col-md-6 col-sm-12\">\r\n\t\t\t\t<div class=\"inner-box wow fadeInLeft\" data-wow-delay=\"0ms\" data-wow-duration=\"1500ms\">\r\n\t\t\t\t\t<div class=\"icon-box\">\r\n\t\t\t\t\t\t<span class=\"icon flaticon-map\"><\/span>\r\n\t\t\t\t\t<\/div>\r\n\t\t\t\t\t<h3><a href=\"#\">Servicio de Transporte Asociado<\/a><\/h3>\r\n\t\t\t\t\t<div class=\"service-number\">01<\/div>\r\n\t\t\t\t\t<div class=\"text\">El servicio de traslado es una clave en el \u00e9xito de las operaciones de log\u00edstica que est\u00e9 completamente controlado para una eficiente entrega. Este servicio debe contar con ...<\/div>\r\n\t\t\t\t<\/div>\r\n\t\t\t<\/div>\r\n\t\t\t\t\t\t<!-- Services Block Three -->\r\n\t\t\t<div class=\"services-block-three col-lg-4 col-md-6 col-sm-12\">\r\n\t\t\t\t<div class=\"inner-box wow fadeInLeft\" data-wow-delay=\"0ms\" data-wow-duration=\"1500ms\">\r\n\t\t\t\t\t<div class=\"icon-box\">\r\n\t\t\t\t\t\t<span class=\"icon flaticon-construction-and-tools\"><\/span>\r\n\t\t\t\t\t<\/div>\r\n\t\t\t\t\t<h3><a href=\"#\">Modelos Especiales y Personalizados<\/a><\/h3>\r\n\t\t\t\t\t<div class=\"service-number\">02<\/div>\r\n\t\t\t\t\t<div class=\"text\">Container oficina: el dise\u00f1o de la oficina modular sea 100% flexible permite personalizar su interior por completo, creando un espacio de trabajo plenamente adaptado a las necesidades.<\/div>\r\n\t\t\t\t<\/div>\r\n\t\t\t<\/div>\r\n\t\t\t\t\t\t<!-- Services Block Three -->\r\n\t\t\t<div class=\"services-block-three col-lg-4 col-md-6 col-sm-12\">\r\n\t\t\t\t<div class=\"inner-box wow fadeInLeft\" data-wow-delay=\"0ms\" data-wow-duration=\"1500ms\">\r\n\t\t\t\t\t<div class=\"icon-box\">\r\n\t\t\t\t\t\t<span class=\"icon flaticon-network\"><\/span>\r\n\t\t\t\t\t<\/div>\r\n\t\t\t\t\t<h3><a href=\"#\">Oficinas Modulares Personalizadas<\/a><\/h3>\r\n\t\t\t\t\t<div class=\"service-number\">03<\/div>\r\n\t\t\t\t\t<div class=\"text\">Todas las oficinas son formatos flexibles y dise\u00f1os personalizados desde 3mt de largo hasta 12mt. Nos adaptamos a tus espacios para desarrollar proyectos que resuelven.<\/div>\r\n\t\t\t\t<\/div>\r\n\t\t\t<\/div>\r\n\t\t\t\t\t<\/div>\r\n\t<\/div>\r\n<\/section>\r\n<!-- End Services Section -->\r\n\r\n<\/div><\/div><\/div><\/div><\/section><section class=\"kc-elm kc-css-666716 kc_row\"><div class=\"kc-row-container\"><div class=\"kc-wrap-columns\"><div class=\"kc-elm kc-css-71127 kc_col-sm-12 kc_column kc_col-sm-12\"><div class=\"kc-col-container\"><!-- Branded Section -->\n<section class=\"branded-section-two\" style=\"background-image:url(https:\/\/containerfull.cl\/wp-content\/uploads\/2023\/10\/back-interior-proyectos.png)\">\n    <div class=\"auto-container\">\n        <!-- Title Box -->\n        <div class=\"title-box\">\n            <div class=\"sec-title light\">\n                <div class=\"clearfix\">\n                    <div class=\"pull-left\">\n                        <div class=\"title\">Servicios de Primer Nivel<\/div>\n                        <h2>Enfoque para mejorar <br> la experiencia.<\/h2>\n                        <a href=\"#\" class=\"theme-btn btn-style-one\">Ver M\u00e1s<\/a>\n                    <\/div>\n                    <div class=\"pull-right\">\n                        <div class=\"text\">La arquitectura modular es capaz de ofrecer soluciones r\u00e1pidas y eficientes a grandes y peque\u00f1as<br> industrias para sus necesidades de espacio temporales y permanentes. Podemos considerar que la <br>principal ventaja de la arquitectura modular es la rapidez de ejecuci\u00f3n, algo que se debe<br> en gran manera a la posibilidad de planificaci\u00f3n previa. Esto nos permite un mayor control de la <br>cantidad y calidad de los materiales utilizados, facilitando el montaje y la gesti\u00f3n,<br> cosa que con la arquitectura tradicional es imposible de prever.<\/div>\n                    <\/div>\n                <\/div>\n            <\/div>\n        <\/div>\n    <\/div>\n    \n    <!-- Lower Section -->\n    <div class=\"lower-section\">\n        <!-- Sponsors Section Three -->\n        <div class=\"sponsors-section-three\">\n            <div class=\"auto-container\">\n                <div class=\"inner-container wow fadeInUp\" data-wow-delay=\"0ms\" data-wow-duration=\"1500ms\">\n                    <div class=\"clearfix\">\n                    \t                        <!-- Column -->\n                        <div class=\"column col-lg-3 col-md-6 col-sm-12\">\n                            <div class=\"image\">\n                                <a href=\"#\"><img decoding=\"async\" src=\"https:\/\/containerfull.cl\/wp-content\/uploads\/2023\/10\/Proyectos-Servicio-01.png\" alt=\"01\"><\/a>\n                            <\/div>\n                        <\/div>\n                                                <!-- Column -->\n                        <div class=\"column col-lg-3 col-md-6 col-sm-12\">\n                            <div class=\"image\">\n                                <a href=\"#\"><img decoding=\"async\" src=\"https:\/\/containerfull.cl\/wp-content\/uploads\/2023\/10\/Proyectos-Servicio-02.png\" alt=\"02\"><\/a>\n                            <\/div>\n                        <\/div>\n                                                <!-- Column -->\n                        <div class=\"column col-lg-3 col-md-6 col-sm-12\">\n                            <div class=\"image\">\n                                <a href=\"#\"><img decoding=\"async\" src=\"https:\/\/containerfull.cl\/wp-content\/uploads\/2023\/10\/Proyectos-Servicio-03.png\" alt=\"03\"><\/a>\n                            <\/div>\n                        <\/div>\n                                                <!-- Column -->\n                        <div class=\"column col-lg-3 col-md-6 col-sm-12\">\n                            <div class=\"image\">\n                                <a href=\"#\"><img decoding=\"async\" src=\"https:\/\/containerfull.cl\/wp-content\/uploads\/2023\/10\/Proyectos-Servicio-04.png\" alt=\"04\"><\/a>\n                            <\/div>\n                        <\/div>\n                                                <!-- Column -->\n                        <div class=\"column col-lg-3 col-md-6 col-sm-12\">\n                            <div class=\"image\">\n                                <a href=\"#\"><img decoding=\"async\" src=\"https:\/\/containerfull.cl\/wp-content\/uploads\/2023\/10\/Proyectos-Servicio-05.png\" alt=\"05\"><\/a>\n                            <\/div>\n                        <\/div>\n                                                <!-- Column -->\n                        <div class=\"column col-lg-3 col-md-6 col-sm-12\">\n                            <div class=\"image\">\n                                <a href=\"#\"><img decoding=\"async\" src=\"https:\/\/containerfull.cl\/wp-content\/uploads\/2023\/10\/Proyectos-Servicio-06.png\" alt=\"06\"><\/a>\n                            <\/div>\n                        <\/div>\n                                                <!-- Column -->\n                        <div class=\"column col-lg-3 col-md-6 col-sm-12\">\n                            <div class=\"image\">\n                                <a href=\"#\"><img decoding=\"async\" src=\"https:\/\/containerfull.cl\/wp-content\/uploads\/2023\/11\/Proyectos-Servicio-07.png\" alt=\"07\"><\/a>\n                            <\/div>\n                        <\/div>\n                                                <!-- Column -->\n                        <div class=\"column col-lg-3 col-md-6 col-sm-12\">\n                            <div class=\"image\">\n                                <a href=\"#\"><img decoding=\"async\" src=\"https:\/\/containerfull.cl\/wp-content\/uploads\/2023\/11\/Proyectos-Servicio-08.png\" alt=\"08\"><\/a>\n                            <\/div>\n                        <\/div>\n                                            <\/div>\n                <\/div>\n            <\/div>\n        <\/div>\n        <!-- End Sponsors Section Three -->\n    <\/div>\n<\/section>\n<!-- End Branded Section -->\n<\/div><\/div><\/div><\/div><\/section><section class=\"kc-elm kc-css-935123 kc_row\"><div class=\"kc-row-container  kc-container\"><div class=\"kc-wrap-columns\"><div class=\"kc-elm kc-css-132046 kc_col-sm-12 kc_column kc_col-sm-12\"><div class=\"kc-col-container\">\r\n<!-- Services Section Six -->\r\n<section class=\"services-section-six\">\r\n\t<div class=\"auto-container\">\r\n\t\t<div class=\"row clearfix\">\r\n\t\t\t<!-- Content Column -->\r\n\t\t\t<div class=\"content-column col-lg-6 col-md-12 col-sm-12\">\r\n\t\t\t\t<div class=\"inner-column\">\r\n\t\t\t\t\t<!-- Sec Title -->\r\n\t\t\t\t\t<div class=\"sec-title\">\r\n\t\t\t\t\t\t<div class=\"inner-title\">\r\n\t\t\t\t\t\t\t<div class=\"title\">Calidad a medida<\/div>\r\n\t\t\t\t\t\t\t<h2>Pensamos en el futuro<\/h2>\r\n\t\t\t\t\t\t<\/div>\r\n\t\t\t\t\t<\/div>\r\n\t\t\t\t\t<div class=\"text\">\r\n\t\t\t\t\t\t<p>Hacia el futuro la empresa espera poder abastecer a la industria nacional  de m\u00f3dulos tipo container  para uso de oficinas, ba\u00f1os, bodegas y cualquier uso que requieran nuestros clientes.<\/p>\r\n<p>Nos comprometemos asegurando el progreso continuo y la rentabilidad de nuestro negocio, siendo la mejor alternativa t\u00e9cnica  y econ\u00f3mica para nuestros clientes.<\/p>\t\t\t\t\t<\/div>\r\n\t\t\t\t\t<a href=\"#\" class=\"theme-btn btn-style-two\">Ver M\u00e1s<\/a>\r\n\t\t\t\t<\/div>\r\n\t\t\t<\/div>\r\n\t\t\t\r\n            \t\t\t<!-- Accordian Column -->\r\n\t\t\t<div class=\"accordian-column col-lg-6 col-md-12 col-sm-12\">\r\n\t\t\t\t<div class=\"inner-column\">\r\n\t\t\t\t\t<!--Accordian Box-->\r\n\t\t\t\t\t<ul class=\"accordion-box\">\r\n                    \t\t\t\t\t\t\t<!--Block-->\r\n\t\t\t\t\t\t<li class=\"accordion block active-block\">\r\n\t\t\t\t\t\t\t<div class=\"acc-btn active\"><div class=\"icon-outer\"><span class=\"icon icon-pluss flaticon-plus-symbol\"><\/span> <span class=\"icon icon-minuss flaticon-substract\"><\/span><\/div>\u00bfQu\u00e9 medidas tienen disponibles?<\/div>\r\n\t\t\t\t\t\t\t<div class=\"acc-content current\">\r\n\t\t\t\t\t\t\t\t<div class=\"content\">\r\n\t\t\t\t\t\t\t\t\t<div class=\"text\">En Containerfull fabricamos desde la medida 3mt de largo, pero contamos con proyectos tipo casetas de vigilancia que tiene medida especial 1,5 x 2,0 mt.<\/div>\r\n\t\t\t\t\t\t\t\t<\/div>\r\n\t\t\t\t\t\t\t<\/div>\r\n\t\t\t\t\t\t<\/li>\r\n\t\t\t\t\t\t\t\t\t\t\t\t<!--Block-->\r\n\t\t\t\t\t\t<li class=\"accordion block \">\r\n\t\t\t\t\t\t\t<div class=\"acc-btn \"><div class=\"icon-outer\"><span class=\"icon icon-pluss flaticon-plus-symbol\"><\/span> <span class=\"icon icon-minuss flaticon-substract\"><\/span><\/div>\u00bfSe pueden despachar a regiones?<\/div>\r\n\t\t\t\t\t\t\t<div class=\"acc-content \">\r\n\t\t\t\t\t\t\t\t<div class=\"content\">\r\n\t\t\t\t\t\t\t\t\t<div class=\"text\">Si, tenemos despacho en Santiago y Regiones con empresas asociadas para esta labor.<\/div>\r\n\t\t\t\t\t\t\t\t<\/div>\r\n\t\t\t\t\t\t\t<\/div>\r\n\t\t\t\t\t\t<\/li>\r\n\t\t\t\t\t\t\t\t\t\t\t\t<!--Block-->\r\n\t\t\t\t\t\t<li class=\"accordion block \">\r\n\t\t\t\t\t\t\t<div class=\"acc-btn \"><div class=\"icon-outer\"><span class=\"icon icon-pluss flaticon-plus-symbol\"><\/span> <span class=\"icon icon-minuss flaticon-substract\"><\/span><\/div>\u00bfQu\u00e9 modelos tienen disponibles?<\/div>\r\n\t\t\t\t\t\t\t<div class=\"acc-content \">\r\n\t\t\t\t\t\t\t\t<div class=\"content\">\r\n\t\t\t\t\t\t\t\t\t<div class=\"text\">Mantenemos stock de modelos como container oficinas Multiuso 20pies y bodegas modulares 20 pies (6&#215;2,5&#215;2,7).<\/div>\r\n\t\t\t\t\t\t\t\t<\/div>\r\n\t\t\t\t\t\t\t<\/div>\r\n\t\t\t\t\t\t<\/li>\r\n\t\t\t\t\t\t\t\t\t\t\t<\/ul>\r\n\t\t\t\t<\/div>\r\n\t\t\t<\/div>\r\n\t\t\t\t\t<\/div>\r\n\t<\/div>\r\n<\/section>\r\n<!-- End Services Section Six -->\r\n<\/div><\/div><\/div><\/div><\/section><\/p>\n","protected":false},"excerpt":{"rendered":"","protected":false},"author":1,"featured_media":0,"parent":0,"menu_order":0,"comment_status":"closed","ping_status":"closed","template":"tpl-king_composer.php","meta":{"_joinchat":[],"footnotes":""},"class_list":["post-429","page","type-page","status-publish","hentry"],"_links":{"self":[{"href":"https:\/\/containerfull.cl\/index.php?rest_route=\/wp\/v2\/pages\/429","targetHints":{"allow":["GET"]}}],"collection":[{"href":"https:\/\/containerfull.cl\/index.php?rest_route=\/wp\/v2\/pages"}],"about":[{"href":"https:\/\/containerfull.cl\/index.php?rest_route=\/wp\/v2\/types\/page"}],"author":[{"embeddable":true,"href":"https:\/\/containerfull.cl\/index.php?rest_route=\/wp\/v2\/users\/1"}],"replies":[{"embeddable":true,"href":"https:\/\/containerfull.cl\/index.php?rest_route=%2Fwp%2Fv2%2Fcomments&post=429"}],"version-history":[{"count":43,"href":"https:\/\/containerfull.cl\/index.php?rest_route=\/wp\/v2\/pages\/429\/revisions"}],"predecessor-version":[{"id":1272,"href":"https:\/\/containerfull.cl\/index.php?rest_route=\/wp\/v2\/pages\/429\/revisions\/1272"}],"wp:attachment":[{"href":"https:\/\/containerfull.cl\/index.php?rest_route=%2Fwp%2Fv2%2Fmedia&parent=429"}],"curies":[{"name":"wp","href":"https:\/\/api.w.org\/{rel}","templated":true}]}}