{"id":1148,"date":"2023-10-26T10:15:33","date_gmt":"2023-10-26T13:15:33","guid":{"rendered":"https:\/\/containerfull.cl\/contfull\/?page_id=1148"},"modified":"2023-11-10T10:20:41","modified_gmt":"2023-11-10T13:20:41","slug":"edificios-corporativos","status":"publish","type":"page","link":"https:\/\/containerfull.cl\/?page_id=1148","title":{"rendered":"Edificios Corporativos"},"content":{"rendered":"<p><section class=\"kc-elm kc-css-681023 kc_row\"><div class=\"kc-row-container\"><div class=\"kc-wrap-columns\"><div class=\"kc-elm kc-css-988830 kc_col-sm-12 kc_column kc_col-sm-12\"><div class=\"kc-col-container\"><!-- About Section Two -->\r\n<section class=\"about-section-two\">\r\n    <div class=\"pattern-layer\" style=\"background-image:url(http:\/\/a.ourhtmldemo.com\/intenax\/wp-content\/uploads\/2019\/04\/pattern-14.png)\"><\/div>\r\n    <div class=\"outer-container\">\r\n        <div class=\"clearfix\">\r\n            <!-- Left Column -->\r\n            <div class=\"left-column\">\r\n                <div class=\"row clearfix\">\r\n                    <!-- Image Column -->\r\n                    <div class=\"image-column col-lg-6 col-md-6 col-sm-12\">\r\n                        <div class=\"image wow fadeInUp\" data-wow-delay=\"0ms\" data-wow-duration=\"1500ms\">\r\n                            <img decoding=\"async\" src=\"https:\/\/containerfull.cl\/wp-content\/uploads\/2023\/10\/Proyecto-A-01-2.png\" alt=\"Awesome Image\" \/>\r\n                        <\/div>\r\n                    <\/div>\r\n                    <!-- Image Column -->\r\n                    <div class=\"image-column col-lg-6 col-md-6 col-sm-12\">\r\n                        <div class=\"image wow fadeInDown\" data-wow-delay=\"300ms\" data-wow-duration=\"1500ms\">\r\n                            <img decoding=\"async\" src=\"https:\/\/containerfull.cl\/wp-content\/uploads\/2023\/10\/Proyecto-B-01-2.png\" alt=\"Awesome Image\" \/>\r\n                        <\/div>\r\n                    <\/div>\r\n                <\/div>\r\n            <\/div>\r\n            \r\n            <!-- Right Column -->\r\n            <div class=\"right-column\">\r\n                <div class=\"inner-column\">\r\n                    <div class=\"row clearfix\">\r\n                        <!-- Content Column -->\r\n                        <div class=\"content-column col-lg-8 col-md-12 col-sm-12\">\r\n                            <div class=\"column-inner\">\r\n                                <!-- Sec Title -->\r\n                                <div class=\"sec-title\">\r\n                                    <div class=\"inner-title\">\r\n                                        <div class=\"title\">ContainerFull<\/div>\r\n                                        <h2>Edificios Corporativos<\/h2>\r\n                                    <\/div>\r\n                                <\/div>\r\n                                <div class=\"bold-text\"><\/div>\r\n                                <div class=\"text\">Utilidad m\u00e1xima de espacios, proyectos cuentan con 1y2 piso donde se puede obtener mayor y m\u00faltiples usos. 1eros piso incorporan ba\u00f1os y 2 piso oficinas.<\/div>\r\n                            <\/div>\r\n                        <\/div>\r\n                        \r\n                        <!-- Image Column -->\r\n                        <div class=\"image-column col-lg-4 col-md-12 col-sm-12\">\r\n                            <div class=\"column-inner\">\r\n                                <div class=\"image wow fadeInRight\" data-wow-delay=\"0ms\" data-wow-duration=\"1500ms\">\r\n                                    <img decoding=\"async\" src=\"https:\/\/containerfull.cl\/wp-content\/uploads\/2023\/10\/Proyecto-A-02-2.png\" alt=\"Awesome Image\" \/>\r\n                                <\/div>\r\n                            <\/div>\r\n                        <\/div>\r\n                    <\/div>\r\n                <\/div>\r\n            <\/div>\r\n        <\/div>\r\n    <\/div>\r\n<\/section>\r\n<!-- End About Section Two -->\r\n<\/div><\/div><\/div><\/div><\/section><section class=\"kc-elm kc-css-599989 kc_row\"><div class=\"kc-row-container  kc-container\"><div class=\"kc-wrap-columns\"><div class=\"kc-elm kc-css-222812 kc_col-sm-12 kc_column kc_col-sm-12\"><div class=\"kc-col-container\"><div class=\"kc-image-gallery kc-elm kc-css-702932\">\n<div class=\"kc_image_gallery kc-carousel-image kc-grid \" data-image_masonry=\"yes\">\n<div class=\"item-grid grid-4\"><img decoding=\"async\" src=\"https:\/\/containerfull.cl\/wp-content\/uploads\/2023\/10\/galeria-proyecto-02-2.png\" alt=\"\"\/><\/div><div class=\"item-grid grid-4\"><img decoding=\"async\" src=\"https:\/\/containerfull.cl\/wp-content\/uploads\/2023\/10\/galeria-proyecto-03-2.png\" alt=\"\"\/><\/div><div class=\"item-grid grid-4\"><img decoding=\"async\" src=\"https:\/\/containerfull.cl\/wp-content\/uploads\/2023\/10\/galeria-proyecto-04-2.png\" alt=\"\"\/><\/div><div class=\"item-grid grid-4\"><img decoding=\"async\" src=\"https:\/\/containerfull.cl\/wp-content\/uploads\/2023\/10\/galeria-proyecto-01-2.png\" alt=\"\"\/><\/div><\/div>\n<\/div><\/div><\/div><\/div><\/div><\/section><section class=\"kc-elm kc-css-715797 kc_row\"><div class=\"kc-row-container\"><div class=\"kc-wrap-columns\"><div class=\"kc-elm kc-css-125819 kc_col-sm-12 kc_column kc_col-sm-12\"><div class=\"kc-col-container\"><!-- Fluid Section One -->\r\n<section class=\"fluid-section-one\">\r\n    <div class=\"outer-box clearfix\">\r\n       <!--Image Column-->\r\n        <div class=\"image-column\" style=\"background-image: url(http:\/\/a.ourhtmldemo.com\/intenax\/wp-content\/uploads\/2019\/05\/image-1.jpg)\">\r\n            <div class=\"image\">\r\n                <img decoding=\"async\" src=\"http:\/\/a.ourhtmldemo.com\/intenax\/wp-content\/uploads\/2019\/05\/image-1.jpg\" alt=\"Awesome Image\">\r\n            <\/div>\r\n            <a href=\"https:\/\/www.youtube.com\/watch?v=SXZXtD60t2g\" class=\"overlay-link lightbox-image\">\r\n                <div class=\"icon-box\">\r\n                    <span class=\"icon flaticon-play-button\"><\/span>\r\n                <\/div>\r\n            <\/a>\r\n        <\/div>\r\n        <!--End Image Column-->\r\n       \r\n        <!--Content Column-->\r\n        <div class=\"content-column\">\r\n            <div class=\"content-box\">\r\n                <!-- Sec Title -->\r\n                <div class=\"sec-title\">\r\n                    <div class=\"inner-title\">\r\n                        <div class=\"title\">story of Intenax<\/div>\r\n                        <h2>Strength of Planning .<\/h2>\r\n                    <\/div>\r\n                <\/div>\r\n                <div class=\"content wow fadeInRight\" data-wow-delay=\"0ms\" data-wow-duration=\"1500ms\">\r\n                    <div class=\"text\">Convenire gubergren ex vix. Habeo facete pri ei. Putent maluisset intellegam vix tevim prompta facilisi interesset te. An denique praesent pro, in torquatos adipisc king pro, pro no odio modus. Mea malis summo ut. Ex ipsum dolore assueverit ne facer imperdiet et duo, cu postea laoreet vulputate has.<\/div>\r\n                    <div class=\"row clearfix\">\r\n                                                <!-- Feature Icon -->\r\n                        <div class=\"column col-lg-4 col-md-4 col-sm-12\">\r\n                            <div class=\"feature-box\">\r\n                                <div class=\"inner-box\">\r\n                                    <div class=\"icon-box\">\r\n                                        <span class=\"icon flaticon-sketch-1\"><\/span>\r\n                                    <\/div>\r\n                                    <h3>Consistent Design<\/h3>\r\n                                <\/div>\r\n                            <\/div>\r\n                        <\/div>\r\n                                                <!-- Feature Icon -->\r\n                        <div class=\"column col-lg-4 col-md-4 col-sm-12\">\r\n                            <div class=\"feature-box\">\r\n                                <div class=\"inner-box\">\r\n                                    <div class=\"icon-box\">\r\n                                        <span class=\"icon flaticon-blueprint-2\"><\/span>\r\n                                    <\/div>\r\n                                    <h3>Ideal Approach<\/h3>\r\n                                <\/div>\r\n                            <\/div>\r\n                        <\/div>\r\n                                                <!-- Feature Icon -->\r\n                        <div class=\"column col-lg-4 col-md-4 col-sm-12\">\r\n                            <div class=\"feature-box\">\r\n                                <div class=\"inner-box\">\r\n                                    <div class=\"icon-box\">\r\n                                        <span class=\"icon flaticon-sketch-1\"><\/span>\r\n                                    <\/div>\r\n                                    <h3>Fresh Expressions<\/h3>\r\n                                <\/div>\r\n                            <\/div>\r\n                        <\/div>\r\n                                            <\/div>\r\n                <\/div>\r\n            <\/div>\r\n        <\/div>\r\n    <\/div>\r\n<\/section>\r\n<!-- End Fluid Section One -->\r\n<\/div><\/div><\/div><\/div><\/section><section class=\"kc-elm kc-css-500717 kc_row\"><div class=\"kc-row-container  kc-container\"><div class=\"kc-wrap-columns\"><div class=\"kc-elm kc-css-148925 kc_col-sm-12 kc_column kc_col-sm-12\"><div class=\"kc-col-container\"><!-- Project Form Section -->\r\n<section class=\"project-form-section\">\r\n    <div class=\"auto-container\">\r\n        <div class=\"row clearfix\">\r\n            <!-- Content Column -->\r\n            <div class=\"content-column col-lg-6 col-md-12 col-sm-12\">\r\n                <div class=\"inner-column\">\r\n                    <!-- Sec Title -->\r\n                    <div class=\"sec-title\">\r\n                        <div class=\"inner-title\">\r\n                            <div class=\"title\">Cont\u00e1ctanos<\/div>\r\n                            <h2>\u00bfTienes Dudas?<\/h2>\r\n                            <div class=\"text\">Hablemos! Haznos todas tus preguntas aqu\u00ed. \u00a1Te responderemos a la brevedad!<\/div>\r\n                        <\/div>\r\n                    <\/div>\r\n                    <ul>\r\n                        <li><span>Address: <\/span>Tucapel 1285 Galp\u00f3n 3, La Pintana.<\/li>\r\n                        <li><span>Phone: <\/span>+569 30202968 - +56957326471<\/li>\r\n                        <li><span>Email: <\/span>hola@containerfull.cl<\/li>\r\n                    <\/ul>\r\n                <\/div>\r\n            <\/div>\r\n            \r\n            <!-- Form Column -->\r\n            <div class=\"form-column col-lg-6 col-md-12 col-sm-12\">\r\n                <div class=\"inner-column\">\r\n                    <!-- Project Form -->\r\n                    <div class=\"project-form\">\r\n                    \t\n<div class=\"wpcf7 no-js\" id=\"wpcf7-f299-o1\" lang=\"en-US\" dir=\"ltr\" data-wpcf7-id=\"299\">\n<div class=\"screen-reader-response\"><p role=\"status\" aria-live=\"polite\" aria-atomic=\"true\"><\/p> <ul><\/ul><\/div>\n<form action=\"\/index.php?rest_route=%2Fwp%2Fv2%2Fpages%2F1148#wpcf7-f299-o1\" method=\"post\" class=\"wpcf7-form init\" aria-label=\"Contact form\" novalidate=\"novalidate\" data-status=\"init\">\n<div style=\"display: none;\">\n<input type=\"hidden\" name=\"_wpcf7\" value=\"299\" \/>\n<input type=\"hidden\" name=\"_wpcf7_version\" value=\"6.0.6\" \/>\n<input type=\"hidden\" name=\"_wpcf7_locale\" value=\"en_US\" \/>\n<input type=\"hidden\" name=\"_wpcf7_unit_tag\" value=\"wpcf7-f299-o1\" \/>\n<input type=\"hidden\" name=\"_wpcf7_container_post\" value=\"0\" \/>\n<input type=\"hidden\" name=\"_wpcf7_posted_data_hash\" value=\"\" \/>\n<input type=\"hidden\" name=\"_wpcf7_recaptcha_response\" value=\"\" \/>\n<\/div>\n<div class=\"form-group\">\n\t<p><span class=\"wpcf7-form-control-wrap\" data-name=\"your-name\"><input size=\"40\" maxlength=\"400\" class=\"wpcf7-form-control wpcf7-text wpcf7-validates-as-required\" aria-required=\"true\" aria-invalid=\"false\" placeholder=\"Nombre\" value=\"\" type=\"text\" name=\"your-name\" \/><\/span>\n\t<\/p>\n<\/div>\n<div class=\"form-group\">\n\t<p><span class=\"wpcf7-form-control-wrap\" data-name=\"your-email\"><input size=\"40\" maxlength=\"400\" class=\"wpcf7-form-control wpcf7-email wpcf7-validates-as-required wpcf7-text wpcf7-validates-as-email\" aria-required=\"true\" aria-invalid=\"false\" placeholder=\"Email\" value=\"\" type=\"email\" name=\"your-email\" \/><\/span>\n\t<\/p>\n<\/div>\n<div class=\"form-group\">\n\t<p><span class=\"wpcf7-form-control-wrap\" data-name=\"your-subject\"><input size=\"40\" maxlength=\"400\" class=\"wpcf7-form-control wpcf7-text\" aria-invalid=\"false\" placeholder=\"Asunto\" value=\"\" type=\"text\" name=\"your-subject\" \/><\/span>\n\t<\/p>\n<\/div>\n<div class=\"form-group\">\n\t<p><span class=\"wpcf7-form-control-wrap\" data-name=\"your-message\"><textarea cols=\"40\" rows=\"10\" maxlength=\"2000\" class=\"wpcf7-form-control wpcf7-textarea\" aria-invalid=\"false\" placeholder=\"Mensaje\" name=\"your-message\"><\/textarea><\/span>\n\t<\/p>\n<\/div>\n<div class=\"form-group text-center\">\n\t<p><input class=\"wpcf7-form-control wpcf7-submit has-spinner theme-btn btn-style-one\" type=\"submit\" value=\"Env\u00edar Mensaje\" \/>\n\t<\/p>\n<\/div><div class=\"wpcf7-response-output\" aria-hidden=\"true\"><\/div>\n<\/form>\n<\/div>\n                    <\/div>\r\n                <\/div>\r\n            <\/div>\r\n        <\/div>\r\n    <\/div>\r\n<\/section>\r\n<!-- End Project Form Section -->\r\n<\/div><\/div><\/div><\/div><\/section><\/p>\n","protected":false},"excerpt":{"rendered":"","protected":false},"author":1,"featured_media":0,"parent":756,"menu_order":0,"comment_status":"closed","ping_status":"closed","template":"tpl-king_composer.php","meta":{"_joinchat":[],"footnotes":""},"class_list":["post-1148","page","type-page","status-publish","hentry"],"_links":{"self":[{"href":"https:\/\/containerfull.cl\/index.php?rest_route=\/wp\/v2\/pages\/1148","targetHints":{"allow":["GET"]}}],"collection":[{"href":"https:\/\/containerfull.cl\/index.php?rest_route=\/wp\/v2\/pages"}],"about":[{"href":"https:\/\/containerfull.cl\/index.php?rest_route=\/wp\/v2\/types\/page"}],"author":[{"embeddable":true,"href":"https:\/\/containerfull.cl\/index.php?rest_route=\/wp\/v2\/users\/1"}],"replies":[{"embeddable":true,"href":"https:\/\/containerfull.cl\/index.php?rest_route=%2Fwp%2Fv2%2Fcomments&post=1148"}],"version-history":[{"count":7,"href":"https:\/\/containerfull.cl\/index.php?rest_route=\/wp\/v2\/pages\/1148\/revisions"}],"predecessor-version":[{"id":1301,"href":"https:\/\/containerfull.cl\/index.php?rest_route=\/wp\/v2\/pages\/1148\/revisions\/1301"}],"up":[{"embeddable":true,"href":"https:\/\/containerfull.cl\/index.php?rest_route=\/wp\/v2\/pages\/756"}],"wp:attachment":[{"href":"https:\/\/containerfull.cl\/index.php?rest_route=%2Fwp%2Fv2%2Fmedia&parent=1148"}],"curies":[{"name":"wp","href":"https:\/\/api.w.org\/{rel}","templated":true}]}}