{"id":1078,"date":"2023-10-26T07:32:44","date_gmt":"2023-10-26T10:32:44","guid":{"rendered":"https:\/\/containerfull.cl\/contfull\/?page_id=1078"},"modified":"2023-11-06T10:22:42","modified_gmt":"2023-11-06T13:22:42","slug":"oficinas-modulares-personalizadas","status":"publish","type":"page","link":"https:\/\/containerfull.cl\/?page_id=1078","title":{"rendered":"Oficinas Modulares Personalizadas"},"content":{"rendered":"<p><section class=\"kc-elm kc-css-173646 kc_row\"><div class=\"kc-row-container  kc-container\"><div class=\"kc-wrap-columns\"><div class=\"kc-elm kc-css-77613 kc_col-sm-12 kc_column kc_col-sm-12\"><div class=\"kc-col-container\"><!-- About Section Three -->\r\n<section class=\"about-section-three\">\r\n    <div class=\"auto-container\">\r\n        <div class=\"row clearfix\">\r\n            <!-- Image Column -->\r\n            <div class=\"image-column col-lg-4 col-md-12 col-sm-12\">\r\n                <div class=\"inner-column wow fadeInLeft\" data-wow-delay=\"0ms\" data-wow-duration=\"1500ms\">\r\n                    <div class=\"image\">\r\n                        <img decoding=\"async\" src=\"https:\/\/containerfull.cl\/wp-content\/uploads\/2023\/10\/servicio-box-1.png\" alt=\"Awesome Image\" \/>\r\n                    <\/div>\r\n                <\/div>\r\n            <\/div>\r\n            <!-- Content Column -->\r\n            <div class=\"content-column col-lg-8 col-md-12 col-sm-12\">\r\n                <div class=\"inner-column\">\r\n                    <!-- Sec Title -->\r\n                    <div class=\"sec-title\">\r\n                        <div class=\"inner-title\">\r\n                            <div class=\"title\">Especialistas en Transporte<\/div>\r\n                            <h2>Servicio completo para <br> todas tus necesidades<\/h2>\r\n                        <\/div>\r\n                    <\/div>\r\n                    <div class=\"text\">Container rojos y verde : oficinas salas de ventas en medida 7 mt de largo x 2,5 ancho con una altura de 2,7 mt. <br> <br>\r\nContainer Blanco: oficinas standar 20pies, equivale a 6mt de largo x 2,5 ancho con altura normal 2,7 mt. <br> <br>\r\nContainer Blanco con ventanales: container m\u00f3dulo de medida 40 pies equivale a 12mt de largo x 2,5 mt ancho x 2,7 altura. <br> <br>\r\nTodas las oficinas son formatos flexibles y dise\u00f1os personalizados desde 3mt de largo hasta 12mt. Nos adaptamos a tus espacios para desarrollar proyectos que resuelven. Habitabilidad diaria para tener un lugar de trabajo m\u00e1s c\u00f3modo y confortable d\u00eda a d\u00eda. \r\n<\/div>\r\n                    <ul class=\"list-style-one\">\r\n                        \t\t\t\t\t\t<li><\/li>\r\n\t\t\t\t\t\t                    <\/ul>\r\n                <\/div>\r\n            <\/div>\r\n        <\/div>\r\n    <\/div>\r\n<\/section>\r\n<!-- End About Section Three -->\r\n<\/div><\/div><\/div><\/div><\/section><section class=\"kc-elm kc-css-597385 kc_row\"><div class=\"kc-row-container\"><div class=\"kc-wrap-columns\"><div class=\"kc-elm kc-css-162060 kc_col-sm-12 kc_column kc_col-sm-12\"><div class=\"kc-col-container\"><div class=\"kc-image-gallery kc-elm kc-css-127692 kc-animated kc-animate-eff-fadeIn\">\n<div class=\"kc_image_gallery kc-carousel-image kc-grid \" data-image_masonry=\"yes\">\n<div class=\"item-grid grid-4\"><img decoding=\"async\" src=\"https:\/\/containerfull.cl\/wp-content\/uploads\/2023\/10\/02-2.png\" alt=\"\"\/><\/div><div class=\"item-grid grid-4\"><img decoding=\"async\" src=\"https:\/\/containerfull.cl\/wp-content\/uploads\/2023\/10\/03-2.png\" alt=\"\"\/><\/div><div class=\"item-grid grid-4\"><img decoding=\"async\" src=\"https:\/\/containerfull.cl\/wp-content\/uploads\/2023\/10\/04-2.png\" alt=\"\"\/><\/div><div class=\"item-grid grid-4\"><img decoding=\"async\" src=\"https:\/\/containerfull.cl\/wp-content\/uploads\/2023\/10\/05-2.png\" alt=\"\"\/><\/div><div class=\"item-grid grid-4\"><img decoding=\"async\" src=\"https:\/\/containerfull.cl\/wp-content\/uploads\/2023\/10\/06-2.png\" alt=\"\"\/><\/div><div class=\"item-grid grid-4\"><img decoding=\"async\" src=\"https:\/\/containerfull.cl\/wp-content\/uploads\/2023\/10\/07-2.png\" alt=\"\"\/><\/div><div class=\"item-grid grid-4\"><img decoding=\"async\" src=\"https:\/\/containerfull.cl\/wp-content\/uploads\/2023\/10\/08-2.png\" alt=\"\"\/><\/div><div class=\"item-grid grid-4\"><img decoding=\"async\" src=\"https:\/\/containerfull.cl\/wp-content\/uploads\/2023\/10\/01-2.png\" alt=\"\"\/><\/div><\/div>\n<\/div><\/div><\/div><\/div><\/div><\/section><section class=\"kc-elm kc-css-591837 kc_row\"><div class=\"kc-row-container\"><div class=\"kc-wrap-columns\"><div class=\"kc-elm kc-css-141046 kc_col-sm-12 kc_column kc_col-sm-12\"><div class=\"kc-col-container\"><!-- Services Section Five -->\n<section class=\"services-section-five style-two\">\n    <div class=\"pattern-layer\" style=\"background-image:url()\"><\/div>\n    <div class=\"auto-container\">\n        <div class=\"row clearfix\">\n                        <!-- Services Block Three -->\n            <div class=\"services-block-three style-two col-lg-4 col-md-6 col-sm-12\">\n                <div class=\"inner-box wow fadeInLeft\" data-wow-delay=\"0ms\" data-wow-duration=\"1500ms\">\n                    <div class=\"icon-box\">\n                        <span class=\"icon flaticon-sketch\"><\/span>\n                    <\/div>\n                    <h3><a href=\"#\">Concepto Servicio 01<\/a><\/h3>\n                    <div class=\"text\">Convenire gubergren vix. Habeo facetpri put ent maluisset intellegam vixt vim prompta facil isi interesset. An denique praesent<\/div>\n                <\/div>\n            <\/div>\n                        <!-- Services Block Three -->\n            <div class=\"services-block-three style-two col-lg-4 col-md-6 col-sm-12\">\n                <div class=\"inner-box wow fadeInLeft\" data-wow-delay=\"0ms\" data-wow-duration=\"1500ms\">\n                    <div class=\"icon-box\">\n                        <span class=\"icon flaticon-blueprint-2\"><\/span>\n                    <\/div>\n                    <h3><a href=\"#\">Concepto Servicio 02<\/a><\/h3>\n                    <div class=\"text\">Convenire gubergren vix. Habeo facetpri put ent maluisset intellegam vixt vim prompta facil isi interesset. An denique praesent<\/div>\n                <\/div>\n            <\/div>\n                        <!-- Services Block Three -->\n            <div class=\"services-block-three style-two col-lg-4 col-md-6 col-sm-12\">\n                <div class=\"inner-box wow fadeInLeft\" data-wow-delay=\"0ms\" data-wow-duration=\"1500ms\">\n                    <div class=\"icon-box\">\n                        <span class=\"icon flaticon-sketch-4\"><\/span>\n                    <\/div>\n                    <h3><a href=\"#\">Concepto Servicio 03<\/a><\/h3>\n                    <div class=\"text\">Convenire gubergren vix. Habeo facetpri put ent maluisset intellegam vixt vim prompta facil isi interesset. An denique praesent<\/div>\n                <\/div>\n            <\/div>\n                    <\/div>\n    <\/div>\n<\/section>\n<!-- End Services Section Five -->\n<\/div><\/div><\/div><\/div><\/section><section class=\"kc-elm kc-css-345459 kc_row\"><div class=\"kc-row-container\"><div class=\"kc-wrap-columns\"><div class=\"kc-elm kc-css-183504 kc_col-sm-12 kc_column kc_col-sm-12\"><div class=\"kc-col-container\"><!-- Call To Action Section Section -->\r\n<section class=\"call-to-action-section style-two\" style=\"background-image:url(https:\/\/containerfull.cl\/wp-content\/uploads\/2023\/10\/back-interior-proyectos.png)\">\r\n    <div class=\"auto-container\">\r\n        <h2>P\u00f3ngase en contacto con nosotros <br>\r\nReserve una reuni\u00f3n gratuita con especialistas<\/h2>\r\n        <ul>\r\n        \t            <li>Call us: <a href=\"tel:+56930202951\">+569 3020 2951<\/a><\/li>\r\n            <li>Email us: <a href=\"mailto:http:\/\/hola@containerfull.cl\">hola@containerfull.cl<\/a><\/li>\r\n        <\/ul>\r\n        <a href=\"https:\/\/containerfull.cl\/?page_id=595\" class=\"theme-btn btn-style-one\">Cont\u00e1ctanos<\/a>\r\n    <\/div>\r\n<\/section>\r\n<!-- End Call To Action Section Section -->\r\n<\/div><\/div><\/div><\/div><\/section><\/p>\n","protected":false},"excerpt":{"rendered":"","protected":false},"author":1,"featured_media":0,"parent":429,"menu_order":0,"comment_status":"closed","ping_status":"closed","template":"tpl-king_composer.php","meta":{"_joinchat":[],"footnotes":""},"class_list":["post-1078","page","type-page","status-publish","hentry"],"_links":{"self":[{"href":"https:\/\/containerfull.cl\/index.php?rest_route=\/wp\/v2\/pages\/1078","targetHints":{"allow":["GET"]}}],"collection":[{"href":"https:\/\/containerfull.cl\/index.php?rest_route=\/wp\/v2\/pages"}],"about":[{"href":"https:\/\/containerfull.cl\/index.php?rest_route=\/wp\/v2\/types\/page"}],"author":[{"embeddable":true,"href":"https:\/\/containerfull.cl\/index.php?rest_route=\/wp\/v2\/users\/1"}],"replies":[{"embeddable":true,"href":"https:\/\/containerfull.cl\/index.php?rest_route=%2Fwp%2Fv2%2Fcomments&post=1078"}],"version-history":[{"count":11,"href":"https:\/\/containerfull.cl\/index.php?rest_route=\/wp\/v2\/pages\/1078\/revisions"}],"predecessor-version":[{"id":1287,"href":"https:\/\/containerfull.cl\/index.php?rest_route=\/wp\/v2\/pages\/1078\/revisions\/1287"}],"up":[{"embeddable":true,"href":"https:\/\/containerfull.cl\/index.php?rest_route=\/wp\/v2\/pages\/429"}],"wp:attachment":[{"href":"https:\/\/containerfull.cl\/index.php?rest_route=%2Fwp%2Fv2%2Fmedia&parent=1078"}],"curies":[{"name":"wp","href":"https:\/\/api.w.org\/{rel}","templated":true}]}}